{"id":1992,"date":"2021-05-05T16:00:47","date_gmt":"2021-05-05T14:00:47","guid":{"rendered":"https:\/\/www.prd-avocats.com\/?page_id=1992"},"modified":"2025-01-06T18:05:09","modified_gmt":"2025-01-06T16:05:09","slug":"politique-de-confidentialite","status":"publish","type":"page","link":"https:\/\/www.prd-avocats.com\/en\/politique-de-confidentialite\/","title":{"rendered":"Personal data"},"content":{"rendered":"<div data-elementor-type=\"wp-page\" data-elementor-id=\"1992\" class=\"elementor elementor-1992\" data-elementor-settings=\"[]\">\n\t\t\t\t\t\t\t<div class=\"elementor-section-wrap\">\n\t\t\t\t\t\t\t<section class=\"elementor-section elementor-top-section elementor-element elementor-element-3b15be5b elementor-section-boxed elementor-section-height-default elementor-section-height-default\" data-id=\"3b15be5b\" data-element_type=\"section\">\n\t\t\t\t\t\t<div class=\"elementor-container elementor-column-gap-default\">\n\t\t\t\t\t<div class=\"elementor-column elementor-col-100 elementor-top-column elementor-element elementor-element-1aa7a841\" data-id=\"1aa7a841\" data-element_type=\"column\">\n\t\t\t<div class=\"elementor-widget-wrap elementor-element-populated\">\n\t\t\t\t\t\t\t\t<div class=\"elementor-element elementor-element-4947d0c0 elementor-widget elementor-widget-text-editor\" data-id=\"4947d0c0\" data-element_type=\"widget\" data-widget_type=\"text-editor.default\">\n\t\t\t\t<div class=\"elementor-widget-container\">\n\t\t\t\t\t\t\t\t<p style=\"font-weight: 400;\"><strong>Personal data\u00a0<\/strong><br \/><u>Purpose, processing and recipients\u00a0<\/u>:<\/p><p style=\"font-weight: 400;\">The personal data that you choose to communicate to PRD Avocats is collected in the context of our missions, requests for information or unsolicited applications.  All information is for the sole use of PRD Avocats and its authorized personnel, including partners, associates and interns. The data collected is not passed on to commercial or advertising actors.<\/p><p style=\"font-weight: 400;\">The personal data collected is subject to computer processing for the purpose of responding to customer requests and, more generally, for file management purposes.<\/p><p style=\"font-weight: 400;\"><u>Legal basis and retention<\/u>\u00a0:<br \/>The legal basis for the processing of data is our legitimate interest in carrying out such processing, which is necessary for the provision of our legal services as well as support services and related services in connection with the management of the former. The collection of such data is only optional, insofar as the absence of such data does not prevent or render impossible any response to a request for information, service or, in general, any performance of an obligation.<\/p><p>Data is retained for as long as is reasonably necessary to fulfil the purposes for which it was collected, to comply with our legal and professional obligations and our professional indemnity insurance obligations.<\/p><p>We implement appropriate processes and technical means to protect the personal data we collect.<\/p><p style=\"font-weight: 400;\"><u>Your rights\u00a0<\/u>:<br \/><span style=\"font-size: 16px; font-weight: 400;\">In accordance with the French Data Protection Act no. 78-17 of January 6, 1978 (amended version), and the General Data Protection Regulation of April 27, 2016 (known as \"RGPD\"), you may obtain communication and, where appropriate, rectification or deletion of information concerning you, by sending your request together with proof of identity to PRD avocats, 98 rue de S\u00e8vres, 75007 Paris.<\/span><\/p><p>Finally, in the event of a dispute, you may refer the matter to the Commission Nationale de l'Informatique et des Libert\u00e9s.<\/p><p style=\"font-weight: 400;\"><strong>Cookies<\/strong><br \/>Where necessary, it is specified that the cookies used by this site are exclusively for its operation.<\/p>\t\t\t\t\t\t<\/div>\n\t\t\t\t<\/div>\n\t\t\t\t\t<\/div>\n\t\t<\/div>\n\t\t\t\t\t\t\t<\/div>\n\t\t<\/section>\n\t\t\t\t\t\t<\/div>\n\t\t\t\t\t<\/div>","protected":false},"excerpt":{"rendered":"<p>Donn\u00e9es personnelles&nbsp; Finalit\u00e9, traitement et destinataires&nbsp;: Les donn\u00e9es \u00e0 caract\u00e8re personnel que vous choisissez de communiquer \u00e0 PRD avocats sont collect\u00e9es dans le cadre de nos missions, demandes d\u2019information ou de candidatures spontan\u00e9es.&nbsp; Toute information est \u00e0 destination unique du cabinet PRD Avocats et de son personnel habilit\u00e9, associ\u00e9s, collaborateurs et stagiaires inclus. Les donn\u00e9es [&hellip;]<\/p>","protected":false},"author":2,"featured_media":0,"parent":0,"menu_order":0,"comment_status":"closed","ping_status":"closed","template":"","meta":[],"acf":[],"_links":{"self":[{"href":"https:\/\/www.prd-avocats.com\/en\/wp-json\/wp\/v2\/pages\/1992"}],"collection":[{"href":"https:\/\/www.prd-avocats.com\/en\/wp-json\/wp\/v2\/pages"}],"about":[{"href":"https:\/\/www.prd-avocats.com\/en\/wp-json\/wp\/v2\/types\/page"}],"author":[{"embeddable":true,"href":"https:\/\/www.prd-avocats.com\/en\/wp-json\/wp\/v2\/users\/2"}],"replies":[{"embeddable":true,"href":"https:\/\/www.prd-avocats.com\/en\/wp-json\/wp\/v2\/comments?post=1992"}],"version-history":[{"count":30,"href":"https:\/\/www.prd-avocats.com\/en\/wp-json\/wp\/v2\/pages\/1992\/revisions"}],"predecessor-version":[{"id":3161,"href":"https:\/\/www.prd-avocats.com\/en\/wp-json\/wp\/v2\/pages\/1992\/revisions\/3161"}],"wp:attachment":[{"href":"https:\/\/www.prd-avocats.com\/en\/wp-json\/wp\/v2\/media?parent=1992"}],"curies":[{"name":"wp","href":"https:\/\/api.w.org\/{rel}","templated":true}]}}