{"id":1992,"date":"2021-05-05T16:00:47","date_gmt":"2021-05-05T14:00:47","guid":{"rendered":"https:\/\/www.prd-avocats.com\/?page_id=1992"},"modified":"2025-01-06T18:05:09","modified_gmt":"2025-01-06T16:05:09","slug":"politique-de-confidentialite","status":"publish","type":"page","link":"https:\/\/www.prd-avocats.com\/es\/politique-de-confidentialite\/","title":{"rendered":"Datos personales"},"content":{"rendered":"<div data-elementor-type=\"wp-page\" data-elementor-id=\"1992\" class=\"elementor elementor-1992\" data-elementor-settings=\"[]\">\n\t\t\t\t\t\t\t<div class=\"elementor-section-wrap\">\n\t\t\t\t\t\t\t<section class=\"elementor-section elementor-top-section elementor-element elementor-element-3b15be5b elementor-section-boxed elementor-section-height-default elementor-section-height-default\" data-id=\"3b15be5b\" data-element_type=\"section\">\n\t\t\t\t\t\t<div class=\"elementor-container elementor-column-gap-default\">\n\t\t\t\t\t<div class=\"elementor-column elementor-col-100 elementor-top-column elementor-element elementor-element-1aa7a841\" data-id=\"1aa7a841\" data-element_type=\"column\">\n\t\t\t<div class=\"elementor-widget-wrap elementor-element-populated\">\n\t\t\t\t\t\t\t\t<div class=\"elementor-element elementor-element-4947d0c0 elementor-widget elementor-widget-text-editor\" data-id=\"4947d0c0\" data-element_type=\"widget\" data-widget_type=\"text-editor.default\">\n\t\t\t\t<div class=\"elementor-widget-container\">\n\t\t\t\t\t\t\t\t<p style=\"font-weight: 400;\"><strong>Datos personales\u00a0<\/strong><br \/><u>Finalidad, tratamiento y destinatarios\u00a0<\/u>:<\/p><p style=\"font-weight: 400;\">Los datos personales que usted decide comunicar a PRD Avocats se recogen en el marco de nuestras misiones, peticiones de informaci\u00f3n o solicitudes no solicitadas.  Toda la informaci\u00f3n es para el uso exclusivo de PRD Avocats y su personal autorizado, incluyendo socios, asociados y pasantes. Los datos recogidos no se transmiten a agentes comerciales o publicitarios.<\/p><p style=\"font-weight: 400;\">Los datos personales recogidos son objeto de un tratamiento inform\u00e1tico para responder a las solicitudes de los clientes y, en general, para la gesti\u00f3n de los archivos.<\/p><p style=\"font-weight: 400;\"><u>Base jur\u00eddica y conservaci\u00f3n<\/u>\u00a0:<br \/>La base legal para el tratamiento de los datos es nuestro inter\u00e9s leg\u00edtimo en llevar a cabo dicho tratamiento, que es necesario para la prestaci\u00f3n de nuestros servicios jur\u00eddicos, as\u00ed como los servicios de apoyo y servicios relacionados con la gesti\u00f3n de los primeros. La recopilaci\u00f3n de estos datos s\u00f3lo es facultativa, en la medida en que su ausencia no impida o haga imposible la respuesta a una solicitud de informaci\u00f3n, de servicio o, en general, el cumplimiento de una obligaci\u00f3n.<\/p><p>Los datos se conservan durante el tiempo que sea razonablemente necesario para cumplir con los fines para los que fueron recogidos, para cumplir con nuestras obligaciones legales y profesionales y con nuestras obligaciones de seguro de responsabilidad profesional.<\/p><p>Aplicamos procesos y medios t\u00e9cnicos adecuados para proteger los datos personales que recogemos.<\/p><p style=\"font-weight: 400;\"><u>Sus derechos\u00a0<\/u>:<br \/><span style=\"font-size: 16px; font-weight: 400;\">De conformidad con la Ley francesa de Protecci\u00f3n de Datos n\u00ba 78-17 de 6 de enero de 1978 (modificada), y el Reglamento General de Protecci\u00f3n de Datos de 27 de abril de 2016 (conocido como el \"RGPD\"), puede obtener acceso y, en su caso, rectificaci\u00f3n o supresi\u00f3n de la informaci\u00f3n que le concierne, enviando su solicitud junto con una prueba de identidad a PRD avocats, 98 rue de S\u00e8vres, 75007 Par\u00eds.<\/span><\/p><p>Por \u00faltimo, en caso de litigio, puede dirigirse a la Comisi\u00f3n Nacional de la Inform\u00e1tica y las Libertades.<\/p><p style=\"font-weight: 400;\"><strong>Galletas<\/strong><br \/>Cuando sea necesario, se especifica que las cookies utilizadas por este sitio son exclusivamente para su funcionamiento.<\/p>\t\t\t\t\t\t<\/div>\n\t\t\t\t<\/div>\n\t\t\t\t\t<\/div>\n\t\t<\/div>\n\t\t\t\t\t\t\t<\/div>\n\t\t<\/section>\n\t\t\t\t\t\t<\/div>\n\t\t\t\t\t<\/div>","protected":false},"excerpt":{"rendered":"<p>Donn\u00e9es personnelles&nbsp; Finalit\u00e9, traitement et destinataires&nbsp;: Les donn\u00e9es \u00e0 caract\u00e8re personnel que vous choisissez de communiquer \u00e0 PRD avocats sont collect\u00e9es dans le cadre de nos missions, demandes d\u2019information ou de candidatures spontan\u00e9es.&nbsp; Toute information est \u00e0 destination unique du cabinet PRD Avocats et de son personnel habilit\u00e9, associ\u00e9s, collaborateurs et stagiaires inclus. Les donn\u00e9es [&hellip;]<\/p>","protected":false},"author":2,"featured_media":0,"parent":0,"menu_order":0,"comment_status":"closed","ping_status":"closed","template":"","meta":[],"acf":[],"_links":{"self":[{"href":"https:\/\/www.prd-avocats.com\/es\/wp-json\/wp\/v2\/pages\/1992"}],"collection":[{"href":"https:\/\/www.prd-avocats.com\/es\/wp-json\/wp\/v2\/pages"}],"about":[{"href":"https:\/\/www.prd-avocats.com\/es\/wp-json\/wp\/v2\/types\/page"}],"author":[{"embeddable":true,"href":"https:\/\/www.prd-avocats.com\/es\/wp-json\/wp\/v2\/users\/2"}],"replies":[{"embeddable":true,"href":"https:\/\/www.prd-avocats.com\/es\/wp-json\/wp\/v2\/comments?post=1992"}],"version-history":[{"count":30,"href":"https:\/\/www.prd-avocats.com\/es\/wp-json\/wp\/v2\/pages\/1992\/revisions"}],"predecessor-version":[{"id":3161,"href":"https:\/\/www.prd-avocats.com\/es\/wp-json\/wp\/v2\/pages\/1992\/revisions\/3161"}],"wp:attachment":[{"href":"https:\/\/www.prd-avocats.com\/es\/wp-json\/wp\/v2\/media?parent=1992"}],"curies":[{"name":"wp","href":"https:\/\/api.w.org\/{rel}","templated":true}]}}