{"id":2135,"date":"2021-05-06T16:28:06","date_gmt":"2021-05-06T14:28:06","guid":{"rendered":"https:\/\/www.prd-avocats.com\/?page_id=2135"},"modified":"2021-05-07T11:32:39","modified_gmt":"2021-05-07T09:32:39","slug":"mentions-legales","status":"publish","type":"page","link":"https:\/\/www.prd-avocats.com\/es\/mentions-legales\/","title":{"rendered":"Informaci\u00f3n legal"},"content":{"rendered":"<div data-elementor-type=\"wp-page\" data-elementor-id=\"2135\" class=\"elementor elementor-2135\" data-elementor-settings=\"[]\">\n\t\t\t\t\t\t\t<div class=\"elementor-section-wrap\">\n\t\t\t\t\t\t\t<section class=\"elementor-section elementor-top-section elementor-element elementor-element-5a294e0 elementor-section-boxed elementor-section-height-default elementor-section-height-default\" data-id=\"5a294e0\" data-element_type=\"section\">\n\t\t\t\t\t\t<div class=\"elementor-container elementor-column-gap-default\">\n\t\t\t\t\t<div class=\"elementor-column elementor-col-100 elementor-top-column elementor-element elementor-element-d9a8c9c\" data-id=\"d9a8c9c\" data-element_type=\"column\">\n\t\t\t<div class=\"elementor-widget-wrap elementor-element-populated\">\n\t\t\t\t\t\t\t\t<div class=\"elementor-element elementor-element-bcd1e45 elementor-widget elementor-widget-text-editor\" data-id=\"bcd1e45\" data-element_type=\"widget\" data-widget_type=\"text-editor.default\">\n\t\t\t\t<div class=\"elementor-widget-container\">\n\t\t\t\t\t\t\t\t<p>Se puede acceder a este sitio web en la URL www.prd-avocats.com<\/p>\t\t\t\t\t\t<\/div>\n\t\t\t\t<\/div>\n\t\t\t\t\t<\/div>\n\t\t<\/div>\n\t\t\t\t\t\t\t<\/div>\n\t\t<\/section>\n\t\t\t\t<section class=\"elementor-section elementor-top-section elementor-element elementor-element-3d522477 elementor-section-boxed elementor-section-height-default elementor-section-height-default\" data-id=\"3d522477\" data-element_type=\"section\">\n\t\t\t\t\t\t<div class=\"elementor-container elementor-column-gap-default\">\n\t\t\t\t\t<div class=\"elementor-column elementor-col-50 elementor-top-column elementor-element elementor-element-49d1627\" data-id=\"49d1627\" data-element_type=\"column\">\n\t\t\t<div class=\"elementor-widget-wrap elementor-element-populated\">\n\t\t\t\t\t\t\t\t<div class=\"elementor-element elementor-element-7f92e95 elementor-widget elementor-widget-text-editor\" data-id=\"7f92e95\" data-element_type=\"widget\" data-widget_type=\"text-editor.default\">\n\t\t\t\t<div class=\"elementor-widget-container\">\n\t\t\t\t\t\t\t\t<p><strong>Editorial<\/strong><br \/>PRD Avocats, SELAS con un capital de 260.000 euros<br \/>RCS PARIS : D 532 290 939<br \/>NII: FR 475 322 909 39<\/p><p><strong>Sede central<\/strong><br \/>5 rue Saint-Philippe du Roule, 75008 Par\u00eds<\/p><p><strong>Director de la publicaci\u00f3n<\/strong><br \/>Maestro Pierre-Randolph Dufau<\/p><ul><li>Correo electr\u00f3nico : info@prd-avocats.com<\/li><li>Tel\u00e9fono: +33.01.56.88.33.30<\/li><\/ul>\t\t\t\t\t\t<\/div>\n\t\t\t\t<\/div>\n\t\t\t\t\t<\/div>\n\t\t<\/div>\n\t\t\t\t<div class=\"elementor-column elementor-col-50 elementor-top-column elementor-element elementor-element-513a39\" data-id=\"513a39\" data-element_type=\"column\">\n\t\t\t<div class=\"elementor-widget-wrap elementor-element-populated\">\n\t\t\t\t\t\t\t\t<div class=\"elementor-element elementor-element-2de2f686 elementor-widget elementor-widget-text-editor\" data-id=\"2de2f686\" data-element_type=\"widget\" data-widget_type=\"text-editor.default\">\n\t\t\t\t<div class=\"elementor-widget-container\">\n\t\t\t\t\t\t\t\t<p><b>Anfitri\u00f3n<br \/><\/b>NOADMIN SAS<\/p><p><b>Sede central<\/b><br \/>13 bis avenue de la Motte-Picquet, 75007 Par\u00eds<\/p><p>Correo electr\u00f3nico : laurent@themecloud.io<\/p>\t\t\t\t\t\t<\/div>\n\t\t\t\t<\/div>\n\t\t\t\t\t<\/div>\n\t\t<\/div>\n\t\t\t\t\t\t\t<\/div>\n\t\t<\/section>\n\t\t\t\t\t\t<\/div>\n\t\t\t\t\t<\/div>","protected":false},"excerpt":{"rendered":"<p>Se puede acceder a este sitio web en la siguiente direcci\u00f3n URL www.prd-avocats.com EditorPRD Avocats, SELAS con un capital de 260.000 eurosRCS PARIS: D 532 290 939NII: FR 475 322 909 39 Domicilio social5 rue Saint-Philippe du Roule, 75008 Par\u00eds Director de la publicaci\u00f3nMa\u00eetre Pierre-Randolph Dufau Correo electr\u00f3nico: info@prd-avocats.com Tel\u00e9fono: +33.01.56.88.33.30 HostNOADMIN SAS Domicilio social13 bis avenue de [...]<\/p>","protected":false},"author":2,"featured_media":0,"parent":0,"menu_order":0,"comment_status":"closed","ping_status":"closed","template":"","meta":[],"acf":[],"_links":{"self":[{"href":"https:\/\/www.prd-avocats.com\/es\/wp-json\/wp\/v2\/pages\/2135"}],"collection":[{"href":"https:\/\/www.prd-avocats.com\/es\/wp-json\/wp\/v2\/pages"}],"about":[{"href":"https:\/\/www.prd-avocats.com\/es\/wp-json\/wp\/v2\/types\/page"}],"author":[{"embeddable":true,"href":"https:\/\/www.prd-avocats.com\/es\/wp-json\/wp\/v2\/users\/2"}],"replies":[{"embeddable":true,"href":"https:\/\/www.prd-avocats.com\/es\/wp-json\/wp\/v2\/comments?post=2135"}],"version-history":[{"count":38,"href":"https:\/\/www.prd-avocats.com\/es\/wp-json\/wp\/v2\/pages\/2135\/revisions"}],"predecessor-version":[{"id":2249,"href":"https:\/\/www.prd-avocats.com\/es\/wp-json\/wp\/v2\/pages\/2135\/revisions\/2249"}],"wp:attachment":[{"href":"https:\/\/www.prd-avocats.com\/es\/wp-json\/wp\/v2\/media?parent=2135"}],"curies":[{"name":"wp","href":"https:\/\/api.w.org\/{rel}","templated":true}]}}